{"id":4,"date":"2022-04-03T14:42:04","date_gmt":"2022-04-03T14:42:04","guid":{"rendered":"https:\/\/grottke.de\/willkommen-auf-https-grottke-de"},"modified":"2022-12-23T17:20:37","modified_gmt":"2022-12-23T17:20:37","slug":"willkommen-auf-https-grottke-de","status":"publish","type":"page","link":"https:\/\/grottke.de\/de\/","title":{"rendered":"Lebenslauf"},"content":{"rendered":"<style>#sp-ea-13 .spcollapsing { height: 0; overflow: hidden; transition-property: height;transition-duration: 300ms;}#sp-ea-13.sp-easy-accordion>.sp-ea-single {margin-bottom: 10px; border: 1px solid #e2e2e2; }#sp-ea-13.sp-easy-accordion>.sp-ea-single>.ea-header a {color: #ffffff;}#sp-ea-13.sp-easy-accordion>.sp-ea-single>.sp-collapse>.ea-body {background: #fff; color: #0c0035;}#sp-ea-13.sp-easy-accordion>.sp-ea-single {background: #0c0035;}#sp-ea-13.sp-easy-accordion>.sp-ea-single>.ea-header a .ea-expand-icon { float: right; color: #ffffff;font-size: 16px;}#sp-ea-13.sp-easy-accordion>.sp-ea-single>.ea-header a .ea-expand-icon {margin-right: 0;}<\/style><div id=\"sp_easy_accordion-1688485578\"><div id=\"sp-ea-13\" class=\"sp-ea-one sp-easy-accordion\" data-ea-active=\"ea-click\" data-ea-mode=\"vertical\" data-preloader=\"\" data-scroll-active-item=\"\" data-offset-to-scroll=\"0\"><div class=\"ea-card sp-ea-single\"><h3 class=\"ea-header\"><a class=\"collapsed\" id=\"ea-header-130\" role=\"button\" data-sptoggle=\"spcollapse\" data-sptarget=\"#collapse130\" aria-controls=\"collapse130\" href=\"#\" aria-expanded=\"false\" tabindex=\"0\"><i aria-hidden=\"true\" role=\"presentation\" class=\"ea-expand-icon eap-icon-ea-expand-plus\"><\/i> Ausbildung<\/a><\/h3><div class=\"sp-collapse spcollapse spcollapse\" id=\"collapse130\" data-parent=\"#sp-ea-13\" role=\"region\" aria-labelledby=\"ea-header-130\"> <div class=\"ea-body\"><ul><li><strong>Habilitation<\/strong> Betriebswirtschaftslehre (insb. Wirtschaftsinformatik) und Statistik <em>Januar 2010<\/em><br \/>Friedrich-Alexander-Universit\u00e4t Erlangen-N\u00fcrnberg, N\u00fcrnberg<\/li><li><strong>Dr. rer. pol.<\/strong> <em>Juli 2003<\/em><br \/>Schwerpunkte: Statistik und Wirtschaftsinformatik<br \/>Friedrich-Alexander-Universit\u00e4t Erlangen-N\u00fcrnberg, N\u00fcrnberg<\/li><li><strong>Diplom-Kaufmann,<\/strong> Betriebswirtschaftslehre, <em>Mai 2000<\/em><br \/>Friedrich-Alexander-Universit\u00e4t Erlangen-N\u00fcrnberg, N\u00fcrnberg<\/li><li><strong>Master of Arts,<\/strong> Volkswirtschaftslehre (Economics), <em>Mai 1999<\/em><br \/>Wayne State University, Detroit, MI, USA<\/li><\/ul><\/div><\/div><\/div><div class=\"ea-card sp-ea-single\"><h3 class=\"ea-header\"><a class=\"collapsed\" id=\"ea-header-131\" role=\"button\" data-sptoggle=\"spcollapse\" data-sptarget=\"#collapse131\" aria-controls=\"collapse131\" href=\"#\" aria-expanded=\"false\" tabindex=\"0\"><i aria-hidden=\"true\" role=\"presentation\" class=\"ea-expand-icon eap-icon-ea-expand-plus\"><\/i> Berufserfahrung<\/a><\/h3><div class=\"sp-collapse spcollapse spcollapse\" id=\"collapse131\" data-parent=\"#sp-ea-13\" role=\"region\" aria-labelledby=\"ea-header-131\"> <div class=\"ea-body\"><div id=\"collapse_0\" class=\"accordion-body\"><div class=\"accordion-inner clearfix\"><ul><li><strong>Principal Data Scientist,<\/strong> <em>Oktober 2018 - heute<\/em><br \/>GfK SE, N\u00fcrnberg<\/li><li><strong>Senior Data Scientist,<\/strong> <em>Februar 2017 \u2013 September 2018<\/em><br \/>GfK SE, N\u00fcrnberg<\/li><li><strong>Apl. Professor,<\/strong> <em>Februar 2017 \u2013 heute<\/em><br \/>Lehrstuhl f\u00fcr Statistik und \u00d6konometrie, Friedrich-Alexander-Universit\u00e4t Erlangen-N\u00fcrnberg, N\u00fcrnberg<\/li><li><strong>Assistant Professor,<\/strong> <em>Juli 2007 \u2013 Januar 2017<\/em><br \/>Lehrstuhl f\u00fcr Statistik und \u00d6konometrie, Friedrich-Alexander-Universit\u00e4t Erlangen-N\u00fcrnberg, N\u00fcrnberg<\/li><li><strong>Wissenschaftlicher Mitarbeiter und Consultant<\/strong> <em>Oktober 2007 \u2013 August 2009<\/em><br \/>imbus AG, M\u00f6hrendorf<br \/>Projekt \u201eTestBalance\u201c; weitere Kooperationspartner: SAP Research, Darmstadt, T-Mobile, M\u00fcnster, Fraunhofer Institut Experimentelles Software Engineering, Kaiserslautern und Fraunhofer Institut Techno- und Wirtschaftsmathematik, Kaiserslautern<\/li><li><strong>Wissenschaftlicher Mitarbeiter<\/strong> <em>Juli 2007 \u2013 Juni 2009<\/em><br \/>Projekt \u201eClassifying software faults to improve fault detection effectiveness\u201c; Kooperationspartner: Jet Propulsion Laboratory\/NASA, Pasadena, USA und Department of Electrical and Computer Engineering, Duke University, Durham, NC, USA<\/li><li><strong>Assistant Research Professor,<\/strong> <em>September 2006 \u2013 Juni 2007<\/em><br \/>Department of Electrical and Computer Engineering, Duke University, Durham, NC, USA<\/li><li><strong>Postdoctoral Research Associate,<\/strong> <em>Juli 2004 \u2013 August 2006<\/em><br \/>Department of Electrical and Computer Engineering, Duke University, Durham, NC, USA<\/li><li><strong>Wissenschaftlicher Mitarbeiter<\/strong> <em>Jan. 2001 \u2013 Feb. 2003<\/em><br \/>Projekt PETS (Prediction of software Error rates based on Test and Software maturity results), gef\u00f6rdert von der Europ\u00e4ischen Union; Industriepartner: imbus AG, M\u00f6hrendorf, AS Aprote, Tartu, Estland, Procedimientos-Uno, M\u00e1laga, Spanien und Acron Communications, Prag, Tschechien<\/li><li><strong>Wissenschaftlicher Mitarbeiter und Consultant<\/strong> <em>Juni 2000 \u2013 Dezember 2000<\/em><br \/>imbus AG, M\u00f6hrendorf<br \/>Entwicklung von Verfahren zur Prognose von Softwareversagensf\u00e4llen beim systematischen Testen<\/li><li><strong>Wissenschaftlicher Mitarbeiter,<\/strong> <em>Juni 2000 \u2013 Juni 2004<\/em><br \/>Lehrstuhl f\u00fcr Statistik und \u00d6konometrie, Friedrich-Alexander-Universit\u00e4t Erlangen-N\u00fcrnberg, N\u00fcrnberg<\/li><li><strong>Praktikant,<\/strong> <em>September 1999 \u2013 Oktober 1999<\/em><br \/>imbus GmbH, M\u00f6hrendorf<br \/>Evaluierung von Modellen und Werkzeugen zur Prognose der Zuverl\u00e4ssigkeit von Softwareprodukten<\/li><li><strong>Praktikant,<\/strong> <em>Mai 1999 \u2013 August 1999<\/em><br \/>Forschungsgruppe Wirtschaftsinformatik am\nBayerischen Forschungszentrum f\u00fcr Wissensbasierte Systeme (FORWISS), Erlangen<br \/>und COI GmbH, Herzogenaurach<br \/>Design und Implementierung eines Java-Applets zur Modellierung und Simulation von Gesch\u00e4ftsprozessen<\/li><li><strong>Praktikant,<\/strong> <em>Februar1998 \u2013 August 1998<\/em><br \/>mediaWays GmbH, G\u00fctersloh<br \/>Design und Implementierung eines Prognosesystems f\u00fcr IP-Verbindungsdaten<\/li><\/ul><\/div><\/div><\/div><\/div><\/div><div class=\"ea-card sp-ea-single\"><h3 class=\"ea-header\"><a class=\"collapsed\" id=\"ea-header-132\" role=\"button\" data-sptoggle=\"spcollapse\" data-sptarget=\"#collapse132\" aria-controls=\"collapse132\" href=\"#\" aria-expanded=\"false\" tabindex=\"0\"><i aria-hidden=\"true\" role=\"presentation\" class=\"ea-expand-icon eap-icon-ea-expand-plus\"><\/i> Stipendien und Auszeichnungen<\/a><\/h3><div class=\"sp-collapse spcollapse spcollapse\" id=\"collapse132\" data-parent=\"#sp-ea-13\" role=\"region\" aria-labelledby=\"ea-header-132\"> <div class=\"ea-body\"><div id=\"collapse_1\" class=\"accordion-body\"><div class=\"accordion-inner clearfix\"><ul><li>\"Test-of-Time Award\" der 50th IEEE\/IFIP International Conference on Dependable Systems and Networks f\u00fcr den folgenden Artikel aus dem Jahr 2010: M. Grottke, A. P. Nikora und K. S. Trivedi. An empirical investigation of fault types in space mission system software. In: <i>Proc. 40th Annual IEEE\/IFIP International Conference on Dependable Systems and Networks<\/i>, pages 447-456, 2010, <em>July 2020<\/em>.<\/li><li>Fellowship des Dr. Theo und Friedl Sch\u00f6ller Forschungszentrums f\u00fcr Wirtschaft und Gesellschaft, N\u00fcrnberg, <em>Mai 2011<\/em><\/li><li>Preparing Future Faculty (PFF) Fellow, Duke University, Durham, NC, USA, <em>August 2006 \u2013 Mai 2007<\/em><\/li><li>Postdoc-Stipendium des Deutschen Akademischen Austauschdienstes (DAAD) f\u00fcr Forschungsaufenthalt an der Duke University, Durham, USA, <em>Juli 2004 \u2013 Juni 2006<\/em><\/li><li>Wissenschaftspreis\/F\u00f6rderpreis der Bayerischen Landesbank, M\u00fcnchen, <em>Feb. 2004<\/em><\/li><li>Promotionspreis der Hermann Gutmann Stiftung, Wei\u00dfenburg, <em>Juli 2003<\/em><\/li><li>\"Student paper travel grant\" des 12th International IEEE Symposium on Software Reliability Engineering, Hongkong, <em>Nov. 2001<\/em><\/li><li>Ehrenpreis des WiSo-Fakult\u00e4tsbundes N\u00fcrnberg e.V. f\u00fcr die Diplompr\u00fcfung, <em>Juli 2000<\/em><\/li><li>Stipendium des Deutschen Akademischen Austauschdienstes (DAAD) f\u00fcr integriertes Auslandsstudium an der Wayne State University, Detroit, USA, <em>Sept. 1998 \u2013 Mai 1999<\/em><\/li><\/ul><\/div><\/div><\/div><\/div><\/div><div class=\"ea-card sp-ea-single\"><h3 class=\"ea-header\"><a class=\"collapsed\" id=\"ea-header-133\" role=\"button\" data-sptoggle=\"spcollapse\" data-sptarget=\"#collapse133\" aria-controls=\"collapse133\" href=\"#\" aria-expanded=\"false\" tabindex=\"0\"><i aria-hidden=\"true\" role=\"presentation\" class=\"ea-expand-icon eap-icon-ea-expand-plus\"><\/i> Forschungsinteressen<\/a><\/h3><div class=\"sp-collapse spcollapse spcollapse\" id=\"collapse133\" data-parent=\"#sp-ea-13\" role=\"region\" aria-labelledby=\"ea-header-133\"> <div class=\"ea-body\"><div id=\"collapse_2\" class=\"accordion-body\"><div class=\"accordion-inner clearfix\"><ul><li>Verl\u00e4sslichkeit (z.B. Zuverl\u00e4ssigkeit, Verf\u00fcgbarkeit, Sicherheit, etc.) und -performance von Software-basierten Systemen<\/li><li>Softwareprozessreife<\/li><li>Softwarealterung und Softwareverj\u00fcngung<\/li><li>Software-\u00d6konomie<\/li><li>Innovation und strategische Fr\u00fchaufkl\u00e4rung<\/li><li>Soziale Online-Netzwerke<\/li><li>Crowdsourcing<\/li><li>Analytisches Customer Relationship Management<\/li><li>\u00d6konometrische Analyse<\/li><li>Multivariate statistische Verfahren (z.B. Regressionsanalyse, Clusteranalyse, LISREL)<\/li><li>Stochastische Modellierung (z.B. selbstanregende Punktprozesse, Semi-Markov-Prozesse)<\/li><li>Urnenmodelle und kombinatorische Problemstellungen (z.B. Belegungsprobleme, Couponsammlerprobleme)<\/li><li>Online-Prognosesysteme<\/li><\/ul><\/div><\/div><\/div><\/div><\/div><div class=\"ea-card sp-ea-single\"><h3 class=\"ea-header\"><a class=\"collapsed\" id=\"ea-header-134\" role=\"button\" data-sptoggle=\"spcollapse\" data-sptarget=\"#collapse134\" aria-controls=\"collapse134\" href=\"#\" aria-expanded=\"false\" tabindex=\"0\"><i aria-hidden=\"true\" role=\"presentation\" class=\"ea-expand-icon eap-icon-ea-expand-plus\"><\/i> Mitgliedschaften<\/a><\/h3><div class=\"sp-collapse spcollapse spcollapse\" id=\"collapse134\" data-parent=\"#sp-ea-13\" role=\"region\" aria-labelledby=\"ea-header-134\"> <div class=\"ea-body\"><div id=\"collapse_3\" class=\"accordion-body\"><div class=\"accordion-inner clearfix\"><ul><li>Institute of Electrical and Electronics Engineers, Inc. (<a href=\"http:\/\/www.ieee.org\">IEEE<\/a>)<\/li><li>Deutsche Statistische Gesellschaft (<a href=\"http:\/\/www.dstatg.de\">DStatG<\/a>)<\/li><li>ESOMAR<\/li><\/ul><\/div><\/div><\/div><\/div><\/div><\/div><\/div>\n\n\n\n<p><\/p>","protected":false},"excerpt":{"rendered":"","protected":false},"author":1,"featured_media":108,"parent":0,"menu_order":0,"comment_status":"closed","ping_status":"open","template":"","meta":{"_kad_post_transparent":"","_kad_post_title":"","_kad_post_layout":"","_kad_post_sidebar_id":"","_kad_post_content_style":"","_kad_post_vertical_padding":"","_kad_post_feature":"default","_kad_post_feature_position":"","_kad_post_header":false,"_kad_post_footer":false,"_kad_post_classname":"","footnotes":""},"class_list":["post-4","page","type-page","status-publish","has-post-thumbnail","hentry"],"yoast_head":"<!-- This site is optimized with the Yoast SEO plugin v27.4 - https:\/\/yoast.com\/product\/yoast-seo-wordpress\/ -->\n<title>Curriculum Vitae - Prof. Dr. Michael Grottke<\/title>\n<meta name=\"robots\" content=\"index, follow, max-snippet:-1, max-image-preview:large, max-video-preview:-1\" \/>\n<link rel=\"canonical\" href=\"https:\/\/grottke.de\/de\/\" \/>\n<meta property=\"og:locale\" content=\"de_DE\" \/>\n<meta property=\"og:type\" content=\"article\" \/>\n<meta property=\"og:title\" content=\"Curriculum Vitae - Prof. Dr. Michael Grottke\" \/>\n<meta property=\"og:url\" content=\"https:\/\/grottke.de\/de\/\" \/>\n<meta property=\"og:site_name\" content=\"Prof. Dr. Michael Grottke\" \/>\n<meta property=\"article:modified_time\" content=\"2022-12-23T17:20:37+00:00\" \/>\n<meta property=\"og:image\" content=\"https:\/\/grottke.de\/wp-content\/uploads\/2022\/04\/Development.jpg\" \/>\n\t<meta property=\"og:image:width\" content=\"1260\" \/>\n\t<meta property=\"og:image:height\" content=\"200\" \/>\n\t<meta property=\"og:image:type\" content=\"image\/jpeg\" \/>\n<meta name=\"twitter:card\" content=\"summary_large_image\" \/>\n<meta name=\"twitter:label1\" content=\"Gesch\u00e4tzte Lesezeit\" \/>\n\t<meta name=\"twitter:data1\" content=\"1\u00a0Minute\" \/>\n<script type=\"application\/ld+json\" class=\"yoast-schema-graph\">{\"@context\":\"https:\\\/\\\/schema.org\",\"@graph\":[{\"@type\":\"WebPage\",\"@id\":\"https:\\\/\\\/grottke.de\\\/\",\"url\":\"https:\\\/\\\/grottke.de\\\/\",\"name\":\"Curriculum Vitae - Prof. Dr. Michael Grottke\",\"isPartOf\":{\"@id\":\"https:\\\/\\\/grottke.de\\\/#website\"},\"primaryImageOfPage\":{\"@id\":\"https:\\\/\\\/grottke.de\\\/#primaryimage\"},\"image\":{\"@id\":\"https:\\\/\\\/grottke.de\\\/#primaryimage\"},\"thumbnailUrl\":\"https:\\\/\\\/grottke.de\\\/wp-content\\\/uploads\\\/2022\\\/04\\\/Development.jpg\",\"datePublished\":\"2022-04-03T14:42:04+00:00\",\"dateModified\":\"2022-12-23T17:20:37+00:00\",\"breadcrumb\":{\"@id\":\"https:\\\/\\\/grottke.de\\\/#breadcrumb\"},\"inLanguage\":\"de\",\"potentialAction\":[{\"@type\":\"ReadAction\",\"target\":[\"https:\\\/\\\/grottke.de\\\/\"]}]},{\"@type\":\"ImageObject\",\"inLanguage\":\"de\",\"@id\":\"https:\\\/\\\/grottke.de\\\/#primaryimage\",\"url\":\"https:\\\/\\\/grottke.de\\\/wp-content\\\/uploads\\\/2022\\\/04\\\/Development.jpg\",\"contentUrl\":\"https:\\\/\\\/grottke.de\\\/wp-content\\\/uploads\\\/2022\\\/04\\\/Development.jpg\",\"width\":1260,\"height\":200},{\"@type\":\"BreadcrumbList\",\"@id\":\"https:\\\/\\\/grottke.de\\\/#breadcrumb\",\"itemListElement\":[{\"@type\":\"ListItem\",\"position\":1,\"name\":\"Startseite\",\"item\":\"https:\\\/\\\/grottke.de\\\/\"},{\"@type\":\"ListItem\",\"position\":2,\"name\":\"Curriculum Vitae\"}]},{\"@type\":\"WebSite\",\"@id\":\"https:\\\/\\\/grottke.de\\\/#website\",\"url\":\"https:\\\/\\\/grottke.de\\\/\",\"name\":\"Prof. Dr. Michael Grottke\",\"description\":\"Homepage - Michael Grottke\",\"potentialAction\":[{\"@type\":\"SearchAction\",\"target\":{\"@type\":\"EntryPoint\",\"urlTemplate\":\"https:\\\/\\\/grottke.de\\\/?s={search_term_string}\"},\"query-input\":{\"@type\":\"PropertyValueSpecification\",\"valueRequired\":true,\"valueName\":\"search_term_string\"}}],\"inLanguage\":\"de\"}]}<\/script>\n<!-- \/ Yoast SEO plugin. -->","yoast_head_json":{"title":"Curriculum Vitae - Prof. Dr. Michael Grottke","robots":{"index":"index","follow":"follow","max-snippet":"max-snippet:-1","max-image-preview":"max-image-preview:large","max-video-preview":"max-video-preview:-1"},"canonical":"https:\/\/grottke.de\/de\/","og_locale":"de_DE","og_type":"article","og_title":"Curriculum Vitae - Prof. Dr. Michael Grottke","og_url":"https:\/\/grottke.de\/de\/","og_site_name":"Prof. Dr. Michael Grottke","article_modified_time":"2022-12-23T17:20:37+00:00","og_image":[{"width":1260,"height":200,"url":"https:\/\/grottke.de\/wp-content\/uploads\/2022\/04\/Development.jpg","type":"image\/jpeg"}],"twitter_card":"summary_large_image","twitter_misc":{"Gesch\u00e4tzte Lesezeit":"1\u00a0Minute"},"schema":{"@context":"https:\/\/schema.org","@graph":[{"@type":"WebPage","@id":"https:\/\/grottke.de\/","url":"https:\/\/grottke.de\/","name":"Curriculum Vitae - Prof. Dr. Michael Grottke","isPartOf":{"@id":"https:\/\/grottke.de\/#website"},"primaryImageOfPage":{"@id":"https:\/\/grottke.de\/#primaryimage"},"image":{"@id":"https:\/\/grottke.de\/#primaryimage"},"thumbnailUrl":"https:\/\/grottke.de\/wp-content\/uploads\/2022\/04\/Development.jpg","datePublished":"2022-04-03T14:42:04+00:00","dateModified":"2022-12-23T17:20:37+00:00","breadcrumb":{"@id":"https:\/\/grottke.de\/#breadcrumb"},"inLanguage":"de","potentialAction":[{"@type":"ReadAction","target":["https:\/\/grottke.de\/"]}]},{"@type":"ImageObject","inLanguage":"de","@id":"https:\/\/grottke.de\/#primaryimage","url":"https:\/\/grottke.de\/wp-content\/uploads\/2022\/04\/Development.jpg","contentUrl":"https:\/\/grottke.de\/wp-content\/uploads\/2022\/04\/Development.jpg","width":1260,"height":200},{"@type":"BreadcrumbList","@id":"https:\/\/grottke.de\/#breadcrumb","itemListElement":[{"@type":"ListItem","position":1,"name":"Startseite","item":"https:\/\/grottke.de\/"},{"@type":"ListItem","position":2,"name":"Curriculum Vitae"}]},{"@type":"WebSite","@id":"https:\/\/grottke.de\/#website","url":"https:\/\/grottke.de\/","name":"Prof. Dr. Michael Grottke","description":"Homepage - Michael Grottke","potentialAction":[{"@type":"SearchAction","target":{"@type":"EntryPoint","urlTemplate":"https:\/\/grottke.de\/?s={search_term_string}"},"query-input":{"@type":"PropertyValueSpecification","valueRequired":true,"valueName":"search_term_string"}}],"inLanguage":"de"}]}},"_links":{"self":[{"href":"https:\/\/grottke.de\/de\/wp-json\/wp\/v2\/pages\/4","targetHints":{"allow":["GET"]}}],"collection":[{"href":"https:\/\/grottke.de\/de\/wp-json\/wp\/v2\/pages"}],"about":[{"href":"https:\/\/grottke.de\/de\/wp-json\/wp\/v2\/types\/page"}],"author":[{"embeddable":true,"href":"https:\/\/grottke.de\/de\/wp-json\/wp\/v2\/users\/1"}],"replies":[{"embeddable":true,"href":"https:\/\/grottke.de\/de\/wp-json\/wp\/v2\/comments?post=4"}],"version-history":[{"count":1,"href":"https:\/\/grottke.de\/de\/wp-json\/wp\/v2\/pages\/4\/revisions"}],"predecessor-version":[{"id":41,"href":"https:\/\/grottke.de\/de\/wp-json\/wp\/v2\/pages\/4\/revisions\/41"}],"wp:featuredmedia":[{"embeddable":true,"href":"https:\/\/grottke.de\/de\/wp-json\/wp\/v2\/media\/108"}],"wp:attachment":[{"href":"https:\/\/grottke.de\/de\/wp-json\/wp\/v2\/media?parent=4"}],"curies":[{"name":"wp","href":"https:\/\/api.w.org\/{rel}","templated":true}]}}